{"id":82,"date":"2018-03-08T07:54:05","date_gmt":"2018-03-08T07:54:05","guid":{"rendered":"http:\/\/testroseimmo.licht-im-quadrat.de\/?page_id=82"},"modified":"2019-07-15T13:22:09","modified_gmt":"2019-07-15T13:22:09","slug":"immobilienbetreuer","status":"publish","type":"page","link":"https:\/\/www.hausundharmonie.de\/?page_id=82","title":{"rendered":"Immobilienbewertung"},"content":{"rendered":"<p>Als Immobilienmakler ermitteln wir <b>kostenfrei den Wert Ihrer Immobilie<\/b><!--more--> und geben Ihnen eine seri\u00f6se Grundlage f\u00fcr Preisverhandlungen.<span data-ccp-props=\"{&quot;134233117&quot;:true,&quot;134233118&quot;:true,&quot;201341983&quot;:0,&quot;335559739&quot;:160,&quot;335559740&quot;:259}\">\u00a0<\/span><\/p>\n<p>Auf Wunsch erhalten Sie auch ein ausf\u00fchrliches Gutachten eines <b>\u00f6ffentlich bestellten Gutachters<\/b>, wie Sie es beispielsweise f\u00fcr eine Erbauseinandersetzung, bei Verkauf f\u00fcr betreute Menschen oder Teilung der Gemeinschaft ben\u00f6tigen.\u00a0<span data-ccp-props=\"{&quot;134233117&quot;:true,&quot;134233118&quot;:true,&quot;201341983&quot;:0,&quot;335559739&quot;:160,&quot;335559740&quot;:259}\">\u00a0<\/span><\/p>\n<p><img loading=\"lazy\" decoding=\"async\" class=\"alignnone size-medium wp-image-93 alignleft img-responsive\" src=\"http:\/\/testroseimmo.licht-im-quadrat.de\/wp-content\/uploads\/2018\/03\/DSC03970_DxOwinistopelfeld-300x169.jpg\" alt=\"\" width=\"300\" height=\"169\" srcset=\"https:\/\/www.hausundharmonie.de\/wp-content\/uploads\/2018\/03\/DSC03970_DxOwinistopelfeld-300x169.jpg 300w, https:\/\/www.hausundharmonie.de\/wp-content\/uploads\/2018\/03\/DSC03970_DxOwinistopelfeld-768x431.jpg 768w, https:\/\/www.hausundharmonie.de\/wp-content\/uploads\/2018\/03\/DSC03970_DxOwinistopelfeld-1920x1079.jpg 1920w\" sizes=\"auto, (max-width: 300px) 100vw, 300px\" \/>F\u00fcr eine reine Wertermittlung ist dieses aufw\u00e4ndige und damit teure Gutachten nicht unbedingt erforderlich.\u00a0<span data-ccp-props=\"{&quot;134233117&quot;:true,&quot;134233118&quot;:true,&quot;201341983&quot;:0,&quot;335559739&quot;:160,&quot;335559740&quot;:259}\">\u00a0<\/span><\/p>\n<p>Ein Wertgutachten wird erstellt in Zusammenarbeit mit Diplom Ingenieur:<span data-ccp-props=\"{&quot;134233117&quot;:true,&quot;134233118&quot;:true,&quot;201341983&quot;:0,&quot;335559739&quot;:160,&quot;335559740&quot;:259}\">\u00a0<\/span><\/p>\n<p>\u00d6ffentlich bestellter Gutachter\u00a0<span data-ccp-props=\"{&quot;134233117&quot;:true,&quot;134233118&quot;:true,&quot;201341983&quot;:0,&quot;335559739&quot;:160,&quot;335559740&quot;:259}\">\u00a0<\/span><\/p>\n<p>Ein schriftliches Wertgutachten empfiehlt sich z.B. dann, wenn der Wert einer Immobilie strittig ist und schriftlich z.B. f\u00fcr Beh\u00f6rden und Richter dargelegt werden soll.<span data-ccp-props=\"{&quot;134233117&quot;:true,&quot;134233118&quot;:true,&quot;201341983&quot;:0,&quot;335559739&quot;:160,&quot;335559740&quot;:259}\">\u00a0<\/span><\/p>\n<p>Abgerechnet wird ein schriftliches Wertgutachten nach \u00a7 34 HOAI (Honorarordnung f\u00fcr Architekten und Ingenieure).<span data-ccp-props=\"{&quot;134233117&quot;:true,&quot;134233118&quot;:true,&quot;201341983&quot;:0,&quot;335559739&quot;:160,&quot;335559740&quot;:259}\">\u00a0<\/span><\/p>\n","protected":false},"excerpt":{"rendered":"<p>Als Immobilienmakler ermitteln wir kostenfrei den Wert Ihrer Immobilie<\/p>\n","protected":false},"author":2,"featured_media":25,"parent":0,"menu_order":0,"comment_status":"closed","ping_status":"closed","template":"template_fullwidth.php","meta":{"footnotes":""},"class_list":["post-82","page","type-page","status-publish","has-post-thumbnail","hentry"],"_links":{"self":[{"href":"https:\/\/www.hausundharmonie.de\/index.php?rest_route=\/wp\/v2\/pages\/82","targetHints":{"allow":["GET"]}}],"collection":[{"href":"https:\/\/www.hausundharmonie.de\/index.php?rest_route=\/wp\/v2\/pages"}],"about":[{"href":"https:\/\/www.hausundharmonie.de\/index.php?rest_route=\/wp\/v2\/types\/page"}],"author":[{"embeddable":true,"href":"https:\/\/www.hausundharmonie.de\/index.php?rest_route=\/wp\/v2\/users\/2"}],"replies":[{"embeddable":true,"href":"https:\/\/www.hausundharmonie.de\/index.php?rest_route=%2Fwp%2Fv2%2Fcomments&post=82"}],"version-history":[{"count":5,"href":"https:\/\/www.hausundharmonie.de\/index.php?rest_route=\/wp\/v2\/pages\/82\/revisions"}],"predecessor-version":[{"id":623,"href":"https:\/\/www.hausundharmonie.de\/index.php?rest_route=\/wp\/v2\/pages\/82\/revisions\/623"}],"wp:featuredmedia":[{"embeddable":true,"href":"https:\/\/www.hausundharmonie.de\/index.php?rest_route=\/wp\/v2\/media\/25"}],"wp:attachment":[{"href":"https:\/\/www.hausundharmonie.de\/index.php?rest_route=%2Fwp%2Fv2%2Fmedia&parent=82"}],"curies":[{"name":"wp","href":"https:\/\/api.w.org\/{rel}","templated":true}]}}