{"id":531,"date":"2018-08-22T08:58:37","date_gmt":"2018-08-22T08:58:37","guid":{"rendered":"http:\/\/testroseimmo.licht-im-quadrat.de\/?page_id=531"},"modified":"2019-07-15T13:22:09","modified_gmt":"2019-07-15T13:22:09","slug":"widerrufsbelehrung","status":"publish","type":"page","link":"https:\/\/www.hausundharmonie.de\/?page_id=531","title":{"rendered":"Widerrufsbelehrung"},"content":{"rendered":"\n<p><strong>Widerrufsrecht<\/strong><\/p>\n\n\n\n<p>Sie\n k\u00f6nnen Ihre Vertragserkl\u00e4rung innerhalb von 14 Tagen ohne Angabe von \nGr\u00fcnden in Textform (z. B. Brief, Fax, E-Mail) widerrufen. Die Frist \nbeginnt nach Erhalt dieser Belehrung in Textform, jedoch nicht vor \nVertragsschluss und auch nicht vor Erf\u00fcllung unserer \nInformationspflichten gem\u00e4\u00df Artikel 246 \u00a7 2 in Verbindung mit \u00a7 1 Abs. 1\n und 2 EGBGB sowie unserer Pflichten gem\u00e4\u00df \u00a7 312 e Abs. 1 Satz 1 BGB in \nVerbindung mit Artikel 246 \u00a7 3 EGBGB. Zur Wahrung der Widerrufsfrist \ngen\u00fcgt die rechtzeitige Absendung des Widerrufs.<\/p>\n\n\n\n<p>Der Widerruf ist zu richten an:<\/p>\n\n\n\n<p>Thilo Rose Immobilien in Stuttgart &#8211; Haus+Grundbesitzvermittlungen, Marienstr. 5 | D-70178 Stuttgart | Tel: 0711-6201617 | Fax: 0711-6201619 | eMail: info@hausundharmonie.de, www.hausundharmonie.de<\/p>\n\n\n\n<p><strong>Widerrufsfolgen <\/strong><\/p>\n\n\n\n<p>Im\n Falle eines wirksamen Widerrufs sind die beiderseits empfangenen \nLeistungen zur\u00fcckzugew\u00e4hren und ggf. gezogene Nutzungen (z. B. Zinsen) \nherauszugeben. K\u00f6nnen Sie uns die empfangene Leistung ganz oder \nteilweise nicht oder nur in verschlechtertem Zustand zur\u00fcckgew\u00e4hren, \nm\u00fcssen Sie uns insoweit ggf. Wertersatz leisten. Dies kann dazu f\u00fchren, \ndass Sie die vertraglichen Zahlungsverpflichtungen f\u00fcr den Zeitraum bis \nzum Widerruf gleichwohl erf\u00fcllen m\u00fcssen. Verpflichtungen zur Erstattung \nvon Zahlungen m\u00fcssen innerhalb von 30 Tagen erf\u00fcllt werden. Die Frist \nbeginnt f\u00fcr Sie mit der Absendung Ihrer Widerrufserkl\u00e4rung, f\u00fcr uns mit \nderen Empfang.<\/p>\n\n\n\n<p><strong>Besondere Hinweise <\/strong><\/p>\n\n\n\n<p>Ihr\n Widerrufsrecht erlischt vorzeitig, wenn der Vertrag von beiden Seiten \nauf Ihren ausdr\u00fccklichen Wunsch vollst\u00e4ndig erf\u00fcllt ist, bevor Sie Ihr \nWiderrufsrecht ausge\u00fcbt haben.<\/p>\n\n\n\n<p><strong>Ende der Widerrufsbelehrung<\/strong><\/p>\n\n\n\n<p>____________________________________________________________________________________<\/p>\n\n\n\n<p><strong>Textvorlage f\u00fcr den sofortigen Beginn der Maklert\u00e4tigkeit<\/strong><\/p>\n\n\n\n<p>Ich &#8230;&#8230;&#8230;&#8230;&#8230;&#8230;&#8230;&#8230;&#8230;&#8230;&#8230;&#8230;&#8230;&#8230;&#8230;&#8230;&#8230;&#8230;&#8230;&#8230;&#8230;&#8230;&#8230;&#8230;&#8230;&#8230;&#8230;&#8230;&#8230;&#8230;&#8230;. bin einverstanden und verlange ausdr\u00fccklich, dass der Makler Thilo Rose\u00a0 Immobilien in Stuttgart &#8211; Haus+Grundbesitzvermittlungen, Marienstr. 5 | D-70178 Stuttgart, vor Ende der Widerrufsfrist mit der Maklert\u00e4tigkeit beginnt. Mir ist bekannt, dass ich bei vollst\u00e4ndiger Vertragserf\u00fcllung mein Widerrufsrecht verliere.<\/p>\n\n\n\n<p>&#8230;&#8230;&#8230;&#8230;&#8230;&#8230;&#8230;&#8230;&#8230;&#8230;&#8230;&#8230;&#8230;&#8230;&#8230;&#8230;&#8230;&#8230;&#8230;&#8230;&#8230;&#8230;. &#8230;&#8230;&#8230;&#8230;&#8230;&#8230;&#8230;&#8230;&#8230;&#8230;&#8230;&#8230;&#8230;&#8230;&#8230;&#8230;&#8230;&#8230;<\/p>\n\n\n\n<p>Unterschrift&nbsp; (nur n\u00f6tig bei Mitteilung auf Papier)&nbsp;&nbsp;&nbsp;&nbsp;&nbsp;&nbsp;&nbsp;&nbsp;&nbsp;&nbsp;&nbsp;&nbsp;&nbsp;&nbsp;&nbsp;&nbsp;&nbsp;Datum<\/p>\n","protected":false},"excerpt":{"rendered":"<p>Widerrufsrecht Sie k\u00f6nnen Ihre Vertragserkl\u00e4rung innerhalb von 14 Tagen ohne Angabe von Gr\u00fcnden in Textform (z. B. Brief, Fax, E-Mail) widerrufen. Die Frist beginnt nach Erhalt dieser Belehrung in Textform, jedoch nicht vor Vertragsschluss und auch nicht vor Erf\u00fcllung unserer Informationspflichten gem\u00e4\u00df Artikel 246 \u00a7 2 in Verbindung mit \u00a7 1 Abs. 1 und 2 &#8230; <a href=\"https:\/\/www.hausundharmonie.de\/?page_id=531\" class=\"more-link text-uppercase small\"><strong>Continue Reading<\/strong> <i class=\"fa fa-angle-double-right\" aria-hidden=\"true\"><\/i><\/a><\/p>\n","protected":false},"author":2,"featured_media":0,"parent":0,"menu_order":0,"comment_status":"closed","ping_status":"closed","template":"template_fullwidth.php","meta":{"footnotes":""},"class_list":["post-531","page","type-page","status-publish","hentry"],"_links":{"self":[{"href":"https:\/\/www.hausundharmonie.de\/index.php?rest_route=\/wp\/v2\/pages\/531","targetHints":{"allow":["GET"]}}],"collection":[{"href":"https:\/\/www.hausundharmonie.de\/index.php?rest_route=\/wp\/v2\/pages"}],"about":[{"href":"https:\/\/www.hausundharmonie.de\/index.php?rest_route=\/wp\/v2\/types\/page"}],"author":[{"embeddable":true,"href":"https:\/\/www.hausundharmonie.de\/index.php?rest_route=\/wp\/v2\/users\/2"}],"replies":[{"embeddable":true,"href":"https:\/\/www.hausundharmonie.de\/index.php?rest_route=%2Fwp%2Fv2%2Fcomments&post=531"}],"version-history":[{"count":4,"href":"https:\/\/www.hausundharmonie.de\/index.php?rest_route=\/wp\/v2\/pages\/531\/revisions"}],"predecessor-version":[{"id":599,"href":"https:\/\/www.hausundharmonie.de\/index.php?rest_route=\/wp\/v2\/pages\/531\/revisions\/599"}],"wp:attachment":[{"href":"https:\/\/www.hausundharmonie.de\/index.php?rest_route=%2Fwp%2Fv2%2Fmedia&parent=531"}],"curies":[{"name":"wp","href":"https:\/\/api.w.org\/{rel}","templated":true}]}}