{"id":529,"date":"2018-08-22T08:57:14","date_gmt":"2018-08-22T08:57:14","guid":{"rendered":"http:\/\/testroseimmo.licht-im-quadrat.de\/?page_id=529"},"modified":"2020-08-14T13:27:41","modified_gmt":"2020-08-14T13:27:41","slug":"impressum","status":"publish","type":"page","link":"https:\/\/www.hausundharmonie.de\/?page_id=529","title":{"rendered":"Impressum"},"content":{"rendered":"\n<p>Name, Anschrift und rechtliches:<\/p>\n\n\n\n<p>F\u00fcr den Inhalt dieser Domain ist verantwortlich:<\/p>\n\n\n\n<p>Thilo Rose Immobilien in Stuttgart | Haus+Grundbesitzvermittlungen, Marienstr. 5 | D-70178 Stuttgart | Tel: 0711-6201617 | Fax: 0711-6201619 | eMail: wohnen@hausundharmonie.de, www.hausundharmonie.de<\/p>\n\n\n\n<p>Webmaster: info@thilo-rose.de<\/p>\n\n\n\n<p><\/p>\n\n\n\n<p>\u2022 Thilo Rose Immobilien in Stuttgart &#8211; Immobilienberatung | Verwaltung <br><\/p>\n\n\n\n<p>Zust\u00e4ndige Aufsichtsbeh\u00f6rde f\u00fcr die T\u00e4tigkeit nach \u00a7 34c GewO:<br>\nIHK Region Stuttgart<br>\nJ\u00e4gerstr. 30<br>\n70174 Stuttgart<\/p>\n\n\n\n<p><br> Umsatzsteueridentifikationsnummer nach \u00a7 27a UstG: DE82335461907<br> Marienstr. 5 | D-70178 Stuttgart | Tel. 0711-6201617 | Fax. 0711-6201619<br> Technische Leitung und verantwortlich f\u00fcr den Inhalt des Internetauftritts:<br> Thilo Rose &#8211; Webmaster: info@thilo-rose.de<\/p>\n\n\n\n<p><br> Bei wettbewerbsrechtlichen Problemen oder \u00e4hnlichen Fragen, bitten wir Sie, zur Vermeidung unn\u00f6tiger Rechtsstreitigkeiten und Kosten, uns im Vorfeld zu kontaktieren. Eine Kostennote wegen Abmahnungen ohne vorhergehende Kontaktaufnahme mit uns, wird im Sinne einer Schadensminderungspflicht als unbegr\u00fcndet zur\u00fcckgewiesen.<\/p>\n\n\n\n<p>Mit Nutzung unserer Internetseiten und unseres Informationsangebotes erkennen Sie die vor- und nachstehenden Bedingungen als rechtlich verbindlich an.<\/p>\n\n\n\n<p><br> Haftungsausschluss:<\/p>\n\n\n\n<p>Unsere Website wurde mit gr\u00f6\u00dftm\u00f6glicher Sorgfalt zusammengestellt und wird regelm\u00e4\u00dfig aktualisiert. Die Informationen und Daten k\u00f6nnen sich jedoch trotz aller Sorgfalt inzwischen ver\u00e4ndert haben. Wir k\u00f6nnen daher keine Gew\u00e4hr oder Haftung f\u00fcr die Vollst\u00e4ndigkeit, Aktualit\u00e4t, Fehlerfreiheit und Richtigkeit der auf unseren Internetseiten ver\u00f6ffentlichten Informationen \u00fcbernehmen. <\/p>\n\n\n\n<p>Alle Angebote sind freibleibend und unverbindlich. Wir schlie\u00dfen jegliche Haftung f\u00fcr Sch\u00e4den ideeller oder materieller Art, die direkt oder indirekt aus der Benutzung oder Nichtnutzung unserer Website oder Weblinks und der Informationen auf unserer Website entstehen, aus, soweit diese nicht nachweislich auf Vorsatz oder grober Fahrl\u00e4ssigkeit von uns beruhen.<\/p>\n\n\n\n<p> Soweit Inhalte von dritter Seite erstellt sind, nennen wir den jeweiligen Verfasser namentlich. In diesen F\u00e4llen ist der Verfasser des jeweiligen Dokuments oder sein Auftraggeber f\u00fcr den Inhalt verantwortlich. Wir sind nicht verpflichtet, die uns \u00fcbermittelten oder gespeicherten fremden Informationen zu \u00fcberwachen oder nach Umst\u00e4nden zu forschen, die auf eine rechtswidrige T\u00e4tigkeit hinweisen. Wir \u00fcbernehmen keinerlei Gew\u00e4hr f\u00fcr die Aktualit\u00e4t, Korrektheit, Vollst\u00e4ndigkeit oder Qualit\u00e4t der bereitgestellten Informationen.<\/p>\n\n\n\n<p><br> Wir behalten es uns vor, jederzeit die gesamte Website oder Teile unseres Angebotes zu aktualisieren, zu ver\u00e4ndern, zu erg\u00e4nzen, zu l\u00f6schen oder die Ver\u00f6ffentlichung einzustellen. Alle Angebote sind freibleibend und unverbindlich.<\/p>\n\n\n\n<p>Links zu anderen Websites:<\/p>\n\n\n\n<p>Bitte beachten Sie, dass wenn Sie auf unserer Website Links anklicken, Sie zu anderen Websites geleitet werden k\u00f6nnen, die nicht unserer Verantwortung unterliegen. Zum Beispiel, wenn Sie auf einen externen Link, eine Banner-Reklame oder ein Suchergebnis klicken, kann Sie dieser Link\/Klick aus unserer Website herausf\u00fchren.<br> Mit Urteil vom 12. Mai 1998 \u2013 312 O 85\/98 \u2013 \u201eHaftung f\u00fcr Links\u201c hat das Landgericht Hamburg entschieden, dass man durch die Anbringung eines Links die Inhalte der gelinkten Seite ggf. mit zu verantworten hat. Dies kann \u2013 so das Landgericht \u2013 nur dadurch verhindert werden, dass man sich ausdr\u00fccklich von diesen Inhalten distanziert.<\/p>\n\n\n\n<p><br> Wir erkl\u00e4ren hiermit ausdr\u00fccklich, dass wir keinerlei Einfluss auf die Gestaltung, Urheberschaft und die Inhalte der gelinkten Seiten haben und distanzieren uns deshalb ausdr\u00fccklich von allen Inhalten der gelinkten Seiten auf unserer Homepage und machen uns deren Inhalte nicht zu Eigen. Zum Zeitpunkt der Linksetzung waren f\u00fcr uns keine illegalen Inhalte auf den verlinkten Seiten erkennbar. F\u00fcr den Inhalt der verlinkten Seiten sind ausschlie\u00dflich deren Betreiber verantwortlich. Diese Feststellungen gelten f\u00fcr alle innerhalb unseres Internetangebotes gesetzten Links, f\u00fcr alle Inhalte der Seiten, zu denen die bei uns angemeldeten Banner und Links f\u00fchren, sowie f\u00fcr Fremdeintr\u00e4ge in von uns eingerichteten Diskussionsforen, G\u00e4steb\u00fcchern und Mailinglisten..<\/p>\n\n\n\n<p>Kommerzielle Nutzung<br>\nEine kommerzielle Nutzung der Inhalte dieser Homepage ist nicht gestattet. Au\u00dferdem ist das automatische Auslesen von Daten durch Software untersagt.<\/p>\n\n\n\n<p>Urheberrechtshinweis:<\/p>\n\n\n\n<p><\/p>\n\n\n\n<p>Copyright \u00a9 2000-2019 Thilo Rose. <\/p>\n\n\n\n<p>Alle Rechte sind vorbehalten. Texte, Bilder, Grafiken, Ton, Videos und Animationen sowie deren Anordnung auf unserer Website, sind urheberrechtlich gesch\u00fctzt. Der Inhalt unserer Websites ist nur f\u00fcr den privaten Gebrauch bestimmt und darf nicht zu kommerziellen Zwecken kopiert, ver\u00e4ndert, verbreitet, oder sonst wie Dritten zug\u00e4nglich gemacht werden. Vervielf\u00e4ltigung, Verbreitung, Verwendung, auch auszugsweise, nur mit schriftlicher Genehmigung.<\/p>\n\n\n\n<p><br> Warenzeichen<br> Gesch\u00fctzte Markenzeichen und Warennamen sind nicht immer besonders gekennzeichnet. Das Fehlen eines solchen Hinweises bedeutet aber nicht, dass es sich um einen freien Warennamen handelt.<br> Alle Warenzeichen, Gebrauchsnamen, Handelsbezeichnungen, Warenbezeichnungen usw. sind Eigentum der entsprechenden Firmen\/Personen und berechtigen auch ohne Kennzeichnung nicht zu der Annahme, dass solche Namen im Sinne der Warenzeichen- und Markenschutzrecht- Gesetzgebung als frei zu betrachten w\u00e4ren und daher von jedermann benutzt werden d\u00fcrften. <\/p>\n\n\n\n<p>Bei Fragen oder Unklarheiten wenden Sie sich bitte an: webmaster@hausundharmonie.de<\/p>\n\n\n\n<p><br> Rechtswirksamkeit<br> Dieser Haftungsausschlu\u00df ist als Teil des Internetangebotes zu betrachten, von dem aus auf diese Seite verwiesen wurde. Sofern Teile oder einzelne Formulierungen dieses Textes der geltenden Rechtslage nicht, oder nicht vollst\u00e4ndig entsprechen sollten, bleiben die \u00fcbrigen Teile des Dokumentes in ihrem Inhalt und ihrer G\u00fcltigkeit davon unber\u00fchrt.<\/p>\n\n\n\n<p>Einverst\u00e4ndnis<br>\nMit der Benutzung dieser Homepage erkl\u00e4ren Sie sich mit den obigen Bestimmungen einverstanden. Sollte es nicht der Fall sein, so steht es Ihnen frei, das Internet-Angebot dieser Homepage nicht in Anspruch zu nehmen.<\/p>\n\n\n\n<p>Streitbeilegungsplattform der EU<br>\nDie Europ\u00e4ische Kommission stellt eine Plattform zur Online-Streitbeilegung (OS) bereit, die Sie hier finden http:\/\/ec.europa.eu\/consumers\/odr\/. Verbraucher haben die M\u00f6glichkeit, diese Plattform f\u00fcr Streitigkeiten zu nutzen.<\/p>\n\n\n\n<p>Widerrufsbelehrung:<\/p>\n\n\n\n<p><br> Widerrufsrecht <br> Sie k\u00f6nnen Ihre Vertragserkl\u00e4rung innerhalb von 14 Tagen ohne Angabe von Gr\u00fcnden in Textform (z. B. Brief, Fax, E-Mail) widerrufen. Die Frist beginnt nach Erhalt dieser Belehrung in Textform, jedoch nicht vor Vertragsschluss und auch nicht vor Erf\u00fcllung unserer Informationspflichten gem\u00e4\u00df Artikel 246 \u00a7 2 in Verbindung mit \u00a7 1 Abs. 1 und 2 EGBGB sowie unserer Pflichten gem\u00e4\u00df \u00a7 312 e Abs. 1 Satz 1 BGB in Verbindung mit Artikel 246 \u00a7 3 EGBGB. Zur Wahrung der Widerrufsfrist gen\u00fcgt die rechtzeitige Absendung des Widerrufs. Der Widerruf ist zu richten an:<\/p>\n\n\n\n<p><br> Thilo Rose Immobilien in Stuttgart | Haus+Grundbesitzvermittlungen, Marienstr. 5 | D-70178 Stuttgart | Tel: 0711-6201617 | Fax: 0711-6201619 | eMail: wohnen@hausundharmonie.de, www.hausundharmonie.de<br> 617 | Fax: 0711-6201619 | eMail: info@hausundharmonie.de, https:\/\/www.hausundharmonie.de<\/p>\n\n\n\n<p><br> Widerrufsfolgen <br> Im Falle eines wirksamen Widerrufs sind die beiderseits empfangenen Leistungen zur\u00fcckzugew\u00e4hren und ggf. gezogene Nutzungen (z. B. Zinsen) herauszugeben. K\u00f6nnen Sie uns die empfangene Leistung ganz oder teilweise nicht oder nur in verschlechtertem Zustand zur\u00fcckgew\u00e4hren, m\u00fcssen Sie uns insoweit ggf. Wertersatz leisten. Dies kann dazu f\u00fchren, dass Sie die vertraglichen Zahlungsverpflichtungen f\u00fcr den Zeitraum bis zum Widerruf gleichwohl erf\u00fcllen m\u00fcssen. Verpflichtungen zur Erstattung von Zahlungen m\u00fcssen innerhalb von 30 Tagen erf\u00fcllt werden. Die Frist beginnt f\u00fcr Sie mit der Absendung Ihrer Widerrufserkl\u00e4rung, f\u00fcr uns mit deren Empfang.<\/p>\n\n\n\n<p><br> &nbsp;Besondere Hinweise <br> Ihr Widerrufsrecht erlischt vorzeitig, wenn der Vertrag von beiden Seiten auf Ihren ausdr\u00fccklichen Wunsch vollst\u00e4ndig erf\u00fcllt ist, bevor Sie Ihr Widerrufsrecht ausge\u00fcbt haben.<\/p>\n\n\n\n<p><br> Ende der Widerrufsbelehrung<\/p>\n","protected":false},"excerpt":{"rendered":"<p>Name, Anschrift und rechtliches: F\u00fcr den Inhalt dieser Domain ist verantwortlich: Thilo Rose Immobilien in Stuttgart | Haus+Grundbesitzvermittlungen, Marienstr. 5 | D-70178 Stuttgart | Tel: 0711-6201617 | Fax: 0711-6201619 | eMail: wohnen@hausundharmonie.de, www.hausundharmonie.de Webmaster: info@thilo-rose.de \u2022 Thilo Rose Immobilien in Stuttgart &#8211; Immobilienberatung | Verwaltung Zust\u00e4ndige Aufsichtsbeh\u00f6rde f\u00fcr die T\u00e4tigkeit nach \u00a7 34c GewO: IHK &#8230; <a href=\"https:\/\/www.hausundharmonie.de\/?page_id=529\" class=\"more-link text-uppercase small\"><strong>Continue Reading<\/strong> <i class=\"fa fa-angle-double-right\" aria-hidden=\"true\"><\/i><\/a><\/p>\n","protected":false},"author":2,"featured_media":0,"parent":0,"menu_order":0,"comment_status":"closed","ping_status":"closed","template":"template_fullwidth.php","meta":{"footnotes":""},"class_list":["post-529","page","type-page","status-publish","hentry"],"_links":{"self":[{"href":"https:\/\/www.hausundharmonie.de\/index.php?rest_route=\/wp\/v2\/pages\/529","targetHints":{"allow":["GET"]}}],"collection":[{"href":"https:\/\/www.hausundharmonie.de\/index.php?rest_route=\/wp\/v2\/pages"}],"about":[{"href":"https:\/\/www.hausundharmonie.de\/index.php?rest_route=\/wp\/v2\/types\/page"}],"author":[{"embeddable":true,"href":"https:\/\/www.hausundharmonie.de\/index.php?rest_route=\/wp\/v2\/users\/2"}],"replies":[{"embeddable":true,"href":"https:\/\/www.hausundharmonie.de\/index.php?rest_route=%2Fwp%2Fv2%2Fcomments&post=529"}],"version-history":[{"count":4,"href":"https:\/\/www.hausundharmonie.de\/index.php?rest_route=\/wp\/v2\/pages\/529\/revisions"}],"predecessor-version":[{"id":626,"href":"https:\/\/www.hausundharmonie.de\/index.php?rest_route=\/wp\/v2\/pages\/529\/revisions\/626"}],"wp:attachment":[{"href":"https:\/\/www.hausundharmonie.de\/index.php?rest_route=%2Fwp%2Fv2%2Fmedia&parent=529"}],"curies":[{"name":"wp","href":"https:\/\/api.w.org\/{rel}","templated":true}]}}