{"id":162,"date":"2018-03-18T14:19:57","date_gmt":"2018-03-18T14:19:57","guid":{"rendered":"http:\/\/testroseimmo.licht-im-quadrat.de\/?page_id=162"},"modified":"2019-07-15T14:15:50","modified_gmt":"2019-07-15T14:15:50","slug":"leistung-hvw","status":"publish","type":"page","link":"https:\/\/www.hausundharmonie.de\/?page_id=162","title":{"rendered":"Leistung HVW"},"content":{"rendered":"\n<p><strong>Hausverwaltung &#8211; Miethausverwaltung &#8211; Die Leistungen<\/strong><strong>Als Miethausverwalter<\/strong>\n biete ich umfangreiche Leistungen an: Abschluss von Mietvertr\u00e4gen und \nBetreuung der&nbsp;Mietverh\u00e4ltnisse Mieterh\u00f6hungen und Verwaltung von \nKautionen Nebenkostenabrechnungen \u00dcberwachung der Mieteinnahmen \nVeranlassung von Reparaturen Vertretung in der Eigent\u00fcmerversammlung \n\n<\/p>\n\n\n\n<p><strong>Die Leistungen als WEG-Verwalter<\/strong>, gliedern sich in  Leistungen die sofort ersichtlich sind und solche, welche erst auf den  zweiten Blick bemerkt werden. F\u00fcr die Eigent\u00fcmer ersichtliche  Leistungen:<br> Hausgeldabrechnung,  Wirtschaftsplan, Eigent\u00fcmerversammlung,  Rundschreiben, Aush\u00e4nge, vor  Ort Termine im Haus, individuelle  Leistungen wie Beratung und  Information, Mitwirkung bei  Wohnungsverk\u00e4ufen und Vermietungen.<br><br><strong> Verwalterbeir\u00e4te erhalten einen etwas tieferen Einblick in die Verwalterleistung wie:<\/strong><br>  Veranlassen von Instandhaltungsma\u00dfnahmen und  Instandsetzungsma\u00dfnahmen,  Preisanfragen, Ausschreibungen, erstellen von  Preisspiegeln, Beratung,  Auftragsvergabe, Rechnungskontrolle,  Belegpr\u00fcfung, Vorbereitung der  Eigent\u00fcmerversammlung, Ortstermine,  Beiratsgespr\u00e4che, Korrespondenz und  Vertr\u00e4ge, Ma\u00dfnahmen zur Einhaltung  der Hausordnung, Mahnwesen bei  Zahlungsverzug.<br><br><strong> Diese Leistungen sieht der Eigent\u00fcmer nicht:<\/strong><br><strong> Kaufm\u00e4nnische Leistungen:<\/strong><br>  Verbuchen s\u00e4mtlicher Geldeing\u00e4nge und Geldausg\u00e4nge,  monatliche  Sollstellung von Hausgeldbetr\u00e4gen, bearbeiten von  Lastschriftbuchungen,  \u00fcberwachen von Zahlungseing\u00e4ngen, mahnen und  einleiten von Klagen bei  Zahlungsr\u00fcckstand, verwalten von Geldmitteln  auf Konten,  Rechnungskontrolle, anweisen und veranlassen von Zahlungen,  bearbeiten  von Gehaltszahlungen einschlie\u00dflich Lohnbuchhaltung,  errechnen und  abf\u00fchren von Lohnsteuer, Sozialabgaben und  verm\u00f6genswirksamen  Leistungen, erstellen der erforderlichen Meldungen an  Beh\u00f6rden und  \u00c4mter, errechnen und anfordern von beschlossenen  Sonderumlagen,  erstellen des Wirtschaftsplans und Abrechnungen,  veranlassen von  Heizungsabrechnungen, erfassen von Verbrauchswerten wie  Heiz\u00f6lbestand-  Wasser- Stromverbrauch, beachten von Lohnsteuergesetz,   Einkommensteuergesetz, Umsatzsteuergesetz, Abgabenverordnungsgesetz und   Grundsteuergesetz etc.<\/p>\n\n\n\n<p> <strong>Technische Leistungen:<\/strong><br>  Vorbereiten und veranlassen von Handwerkerangeboten,  Ausschreibungen,  Angebotsspiegeln, beachten von Terminen wie Angeboten-   Auftragsausf\u00fchrung- M\u00e4ngelr\u00fcgen- Gew\u00e4hrleistungsanspr\u00fcchen, einweisen   und einarbeiten des Hausmeisters, beschaffen \u00f6ffentlich-rechtlicher   Genehmigungen, Abschluss von Wartungs- und Versicherungsvertr\u00e4gen wie   Geb\u00e4udeversicherung- Gew\u00e4sserschutzversicherung- Glasbruchversicherung-   Haftpflichtversicherung- Aufzugwartung- Heizungswartung- Pumpenwartung-   und Feuerl\u00f6scherwartung, vorbereiten und organisieren von  T\u00dcVpr\u00fcfungen-  Brandschutzpr\u00fcfungen- Blitzschutzpr\u00fcfungen f\u00fcr Aufzug-  \u00d6ltank-  Tiefgaragenl\u00fcftung- Rolltor- Heizung- Feuerl\u00f6scher etc.,  bearbeiten von  Schl\u00fcsselbestellungen und Schadensmeldungen bei  Versicherungsf\u00e4llen  (z.B. Rohrbruch, Sturmschaden), veranlassen der  Schadensbeseitigung  durch Handwerker und abrechnen mit Versicherungen,  vergeben und  \u00fcberwachen von Instandsetzungs- und  Instandhaltungsma\u00dfnahmen einschl.  abrechnen, beauftragen von  Sachverst\u00e4ndigen, beachten von  DIN-Bestimmungen- Landesbauordnung-  Druckbeh\u00e4lterverordnung-  Ortssatzung- Baumsatzung-  Heizkostenverordnung- Heizanlagenverordnung-  Feuerungsanlagenverordnung  und der Durchf\u00fchrungsbestimmungen.<br><\/p>\n\n\n\n<p><strong> Allgemeine Verwaltung:<\/strong><br>  Korrespondenz mit Eigent\u00fcmern, verhandeln mit Beh\u00f6rden-  Eigent\u00fcmern-  Hausmeistern- Lieferanten, bearbeiten von Beschwerden und  Verst\u00f6\u00dfen  gegen die Hausordnung, Ma\u00dfnahmen zur Fristwahrung oder zum  Abwenden von  Rechtsnachteilen f\u00fcr die Gemeinschaft, beraten von  Eigent\u00fcmern und  Hausmeistern, Abschluss von Vertr\u00e4gen wie Wartungs-   Versicherungsdienstleistungen- Liefervertr\u00e4gen- und Mietvertr\u00e4gen (nur   bei Miethausverwaltung) etc., Terminabstimmung und Saalbestellung,   erstellen von Tagesordnung und Beschlussentw\u00fcrfen zur   Eigent\u00fcmerversammlung, erstellen der Beschlussniederschrift   einschlie\u00dflich versenden an alle Eigent\u00fcmer, Mitwirkung bei   Gerichtstermin- Beschlussanfechtung- Hausgeldklagen, erstellen von   Genehmigungen f\u00fcr Telefon Ver\u00e4nderungen- Vermietungen- gewerbliche   Nutzung, ausbilden von eigenem Personal und Angestellten der   Gemeinschaft wie Hausmeistern, beachten von WEG- BGB- AGBG- HGB   Erbbaurechtsverordnung- Grundbuchverordnung- Zwangsversteigerungsgesetz-   FGG- Konkursordnung- und Nachbarschaftsrecht. <\/p>\n","protected":false},"excerpt":{"rendered":"<p>Hausverwaltung &#8211; Miethausverwaltung &#8211; Die LeistungenAls Miethausverwalter biete ich umfangreiche Leistungen an: Abschluss von Mietvertr\u00e4gen und Betreuung der&nbsp;Mietverh\u00e4ltnisse Mieterh\u00f6hungen und Verwaltung von Kautionen Nebenkostenabrechnungen \u00dcberwachung der Mieteinnahmen Veranlassung von Reparaturen Vertretung in der Eigent\u00fcmerversammlung Die Leistungen als WEG-Verwalter, gliedern sich in Leistungen die sofort ersichtlich sind und solche, welche erst auf den zweiten Blick bemerkt &#8230; <a href=\"https:\/\/www.hausundharmonie.de\/?page_id=162\" class=\"more-link text-uppercase small\"><strong>Continue Reading<\/strong> <i class=\"fa fa-angle-double-right\" aria-hidden=\"true\"><\/i><\/a><\/p>\n","protected":false},"author":2,"featured_media":95,"parent":0,"menu_order":0,"comment_status":"closed","ping_status":"closed","template":"template_fullwidth.php","meta":{"footnotes":""},"class_list":["post-162","page","type-page","status-publish","has-post-thumbnail","hentry"],"_links":{"self":[{"href":"https:\/\/www.hausundharmonie.de\/index.php?rest_route=\/wp\/v2\/pages\/162","targetHints":{"allow":["GET"]}}],"collection":[{"href":"https:\/\/www.hausundharmonie.de\/index.php?rest_route=\/wp\/v2\/pages"}],"about":[{"href":"https:\/\/www.hausundharmonie.de\/index.php?rest_route=\/wp\/v2\/types\/page"}],"author":[{"embeddable":true,"href":"https:\/\/www.hausundharmonie.de\/index.php?rest_route=\/wp\/v2\/users\/2"}],"replies":[{"embeddable":true,"href":"https:\/\/www.hausundharmonie.de\/index.php?rest_route=%2Fwp%2Fv2%2Fcomments&post=162"}],"version-history":[{"count":4,"href":"https:\/\/www.hausundharmonie.de\/index.php?rest_route=\/wp\/v2\/pages\/162\/revisions"}],"predecessor-version":[{"id":614,"href":"https:\/\/www.hausundharmonie.de\/index.php?rest_route=\/wp\/v2\/pages\/162\/revisions\/614"}],"wp:featuredmedia":[{"embeddable":true,"href":"https:\/\/www.hausundharmonie.de\/index.php?rest_route=\/wp\/v2\/media\/95"}],"wp:attachment":[{"href":"https:\/\/www.hausundharmonie.de\/index.php?rest_route=%2Fwp%2Fv2%2Fmedia&parent=162"}],"curies":[{"name":"wp","href":"https:\/\/api.w.org\/{rel}","templated":true}]}}